{"id":102,"date":"2025-09-11T15:32:35","date_gmt":"2025-09-11T13:32:35","guid":{"rendered":"https:\/\/feuchtgruber-stalleinrichtungen.de\/?page_id=102"},"modified":"2025-09-18T12:04:12","modified_gmt":"2025-09-18T10:04:12","slug":"ueber-uns","status":"publish","type":"page","link":"https:\/\/feuchtgruber-stalleinrichtungen.de\/?page_id=102","title":{"rendered":"\u00dcber uns"},"content":{"rendered":"\n<p><\/p>\n\n\n\n<div class=\"wp-block-cover alignfull\" style=\"min-height:749px;aspect-ratio:unset;\"><img loading=\"lazy\" decoding=\"async\" width=\"1024\" height=\"878\" class=\"wp-block-cover__image-background wp-image-80 size-large\" alt=\"\" src=\"https:\/\/feuchtgruber-stalleinrichtungen.de\/wp-content\/uploads\/2025\/09\/1234-4-1024x878.jpg\" data-object-fit=\"cover\" srcset=\"https:\/\/feuchtgruber-stalleinrichtungen.de\/wp-content\/uploads\/2025\/09\/1234-4-1024x878.jpg 1024w, https:\/\/feuchtgruber-stalleinrichtungen.de\/wp-content\/uploads\/2025\/09\/1234-4-300x257.jpg 300w, https:\/\/feuchtgruber-stalleinrichtungen.de\/wp-content\/uploads\/2025\/09\/1234-4-768x659.jpg 768w, https:\/\/feuchtgruber-stalleinrichtungen.de\/wp-content\/uploads\/2025\/09\/1234-4-1536x1317.jpg 1536w, https:\/\/feuchtgruber-stalleinrichtungen.de\/wp-content\/uploads\/2025\/09\/1234-4-2048x1756.jpg 2048w\" sizes=\"auto, (max-width: 1024px) 100vw, 1024px\" \/><span aria-hidden=\"true\" class=\"wp-block-cover__background has-background-dim\" style=\"background-color:#4b4749\"><\/span><div class=\"wp-block-cover__inner-container has-global-padding is-layout-constrained wp-block-cover-is-layout-constrained\">\n<p class=\"has-text-align-center has-large-font-size\">Wir sind ein nach der DIN EN-1090 EXC 3 zertifizierter Schwei\u00dffachbetrieb. Unser Team besteht nicht nur aus gepr\u00fcften Schwei\u00dfern, die von einen Schwei\u00dffachmeister betreut werden, sondern auch aus Technikern, Meistern und Schwei\u00dffachingenieuren, die f\u00fcr h\u00f6chste Qualit\u00e4t und Sicherheit bei der Ausf\u00fchrung Ihrer Schwei\u00dffachkonstruktionen sorgen.<br><br>Wir erstellen anhand Ihrer Planungen Werkstattzeichnungen und liefern dazu auch die dazugeh\u00f6rige pr\u00fcff\u00e4hige Statik. So k\u00f6nnen wir Ihnen Komplettl\u00f6sungen aus einer Hand anbieten, von der Werkstattplanung bis hin zur Montage auf Ihrer Baustelle &#8211; auf Wunsch \u00fcbernehmen wir auch die sp\u00e4tere Wartung.\u00a0<br><\/p>\n\n\n\n<p class=\"has-text-align-center has-large-font-size\">Bei Fragen oder individuellen W\u00fcnschen stehen wir Ihnen gerne zu Verf\u00fcgung!<\/p>\n<\/div><\/div>\n","protected":false},"excerpt":{"rendered":"","protected":false},"author":1,"featured_media":80,"parent":99,"menu_order":0,"comment_status":"closed","ping_status":"closed","template":"","meta":{"footnotes":""},"class_list":["post-102","page","type-page","status-publish","has-post-thumbnail","hentry"],"_links":{"self":[{"href":"https:\/\/feuchtgruber-stalleinrichtungen.de\/index.php?rest_route=\/wp\/v2\/pages\/102","targetHints":{"allow":["GET"]}}],"collection":[{"href":"https:\/\/feuchtgruber-stalleinrichtungen.de\/index.php?rest_route=\/wp\/v2\/pages"}],"about":[{"href":"https:\/\/feuchtgruber-stalleinrichtungen.de\/index.php?rest_route=\/wp\/v2\/types\/page"}],"author":[{"embeddable":true,"href":"https:\/\/feuchtgruber-stalleinrichtungen.de\/index.php?rest_route=\/wp\/v2\/users\/1"}],"replies":[{"embeddable":true,"href":"https:\/\/feuchtgruber-stalleinrichtungen.de\/index.php?rest_route=%2Fwp%2Fv2%2Fcomments&post=102"}],"version-history":[{"count":4,"href":"https:\/\/feuchtgruber-stalleinrichtungen.de\/index.php?rest_route=\/wp\/v2\/pages\/102\/revisions"}],"predecessor-version":[{"id":181,"href":"https:\/\/feuchtgruber-stalleinrichtungen.de\/index.php?rest_route=\/wp\/v2\/pages\/102\/revisions\/181"}],"up":[{"embeddable":true,"href":"https:\/\/feuchtgruber-stalleinrichtungen.de\/index.php?rest_route=\/wp\/v2\/pages\/99"}],"wp:featuredmedia":[{"embeddable":true,"href":"https:\/\/feuchtgruber-stalleinrichtungen.de\/index.php?rest_route=\/wp\/v2\/media\/80"}],"wp:attachment":[{"href":"https:\/\/feuchtgruber-stalleinrichtungen.de\/index.php?rest_route=%2Fwp%2Fv2%2Fmedia&parent=102"}],"curies":[{"name":"wp","href":"https:\/\/api.w.org\/{rel}","templated":true}]}}